{"id":30,"date":"2014-03-24T18:15:08","date_gmt":"2014-03-24T18:15:08","guid":{"rendered":"http:\/\/www.fredricspendrup.com\/salongmonsterse\/?page_id=30"},"modified":"2015-10-10T11:26:57","modified_gmt":"2015-10-10T11:26:57","slug":"oppettider","status":"publish","type":"page","link":"https:\/\/salongmonster.se\/?page_id=30","title":{"rendered":"\u00d6ppettider"},"content":{"rendered":"<p>[headline type=&#8221;h1&#8243; title=&#8221;V\u00e4lkommen till Salong Monster&#8221;]<\/p>\n<p>[two_third][teaser img=&#8221;&#8221;]<br \/>\n[iconbox \u00a0icon=&#8221;time&#8221; size=&#8221;35px&#8221; color=&#8221;#2f2f2f&#8221; border=&#8221;&#8221; background=&#8221;#fff&#8221; height=&#8221;40px&#8221; title=&#8221;<strong>V\u00e5ra \u00f6ppettider<\/strong>&#8221; style=&#8221;1,2&#8243; ]<\/p>\n<p><strong style=\"font-size: 1.2em;\">M\u00e5ndag-Fredag<\/strong> 09:00-19:00<br \/>\n<strong style=\"font-size: 1.2em;\">L\u00f6rdag<\/strong> 10:00-14:00<span style=\"font-size: 14px; line-height: 1.5em;\"><em><br \/>\n<\/em><\/span>[\/iconbox][button link=&#8221;http:\/\/salongmonster.dyndns.org:81\/&#8221; target=&#8221;_new&#8221; size=&#8221;small&#8221; margin=&#8221;10px 0 0 0&#8243; \u00a0icon=&#8221;&#8221; color=&#8221;orange&#8221; \u00a0]boka h\u00e4r[\/button]<br \/>\n[\/teaser]<br \/>\n[whitespace height=&#8221;30&#8243;]<\/p>\n<p>[rev_slider carousel]<\/p>\n<p>[\/two_third] [one_third_last]<\/p>\n<div style=\"background-color: #2f2f2f; padding: 10px; border-radius: 20px 2px 60px 2px; color: #c8ae71; font-size: 1em;\">\n<p>Prenumerera p\u00e5 Monsters nyhetsbrev f\u00f6r att f\u00e5: Monsthair, senaste nyheter &amp; inbjudningar till VIP-kv\u00e4llar!<\/p>\n<form style=\"margin-bottom: 1px;\" action=\"http:\/\/admin.getanewsletter.com\/api\/subscription\/add\/\" method=\"post\"><label for=\"id_email\">E-post:<\/label><input id=\"id_email\" class=\"text\" maxlength=\"150\" name=\"email\" type=\"text\" \/><input id=\"id_newsletter\" name=\"newsletter\" type=\"hidden\" value=\"l4bqA6iM\" \/><input id=\"id_next_url\" name=\"next_url\" type=\"hidden\" \/><input type=\"submit\" value=\"Skicka\" \/><\/form>\n<\/div>\n<p>[whitespace height=&#8221;10&#8243;]<br \/>\n<a style=\"color: #faf3d9; font-size: 2px; border: 0; padding: 0; margin: 0;\" href=\"http:\/\/www.mastodontmedia.com\">MM<\/a><br \/>\n[\/one_third_last]<\/p>\n","protected":false},"excerpt":{"rendered":"<p>[headline type=&#8221;h1&#8243; title=&#8221;V\u00e4lkommen till Salong Monster&#8221;] [two_third][teaser img=&#8221;&#8221;] [iconbox \u00a0icon=&#8221;time&#8221; size=&#8221;35px&#8221; color=&#8221;#2f2f2f&#8221; border=&#8221;&#8221; background=&#8221;#fff&#8221; height=&#8221;40px&#8221; title=&#8221;V\u00e5ra \u00f6ppettider&#8221; style=&#8221;1,2&#8243; ] M\u00e5ndag-Fredag 09:00-19:00 L\u00f6rdag 10:00-14:00 [\/iconbox][button link=&#8221;http:\/\/salongmonster.dyndns.org:81\/&#8221; target=&#8221;_new&#8221; size=&#8221;small&#8221; margin=&#8221;10px 0 0 0&#8243; \u00a0icon=&#8221;&#8221; color=&#8221;orange&#8221; \u00a0]boka h\u00e4r[\/button] [\/teaser] [whitespace height=&#8221;30&#8243;] [rev_slider carousel] [\/two_third] [one_third_last] Prenumerera p\u00e5 Monsters nyhetsbrev f\u00f6r att f\u00e5: Monsthair, senaste nyheter &amp; inbjudningar till [&hellip;]<\/p>\n","protected":false},"author":1,"featured_media":0,"parent":0,"menu_order":0,"comment_status":"open","ping_status":"open","template":"template-fullwidth.php","meta":{"footnotes":""},"_links":{"self":[{"href":"https:\/\/salongmonster.se\/index.php?rest_route=\/wp\/v2\/pages\/30"}],"collection":[{"href":"https:\/\/salongmonster.se\/index.php?rest_route=\/wp\/v2\/pages"}],"about":[{"href":"https:\/\/salongmonster.se\/index.php?rest_route=\/wp\/v2\/types\/page"}],"author":[{"embeddable":true,"href":"https:\/\/salongmonster.se\/index.php?rest_route=\/wp\/v2\/users\/1"}],"replies":[{"embeddable":true,"href":"https:\/\/salongmonster.se\/index.php?rest_route=%2Fwp%2Fv2%2Fcomments&post=30"}],"version-history":[{"count":34,"href":"https:\/\/salongmonster.se\/index.php?rest_route=\/wp\/v2\/pages\/30\/revisions"}],"predecessor-version":[{"id":834,"href":"https:\/\/salongmonster.se\/index.php?rest_route=\/wp\/v2\/pages\/30\/revisions\/834"}],"wp:attachment":[{"href":"https:\/\/salongmonster.se\/index.php?rest_route=%2Fwp%2Fv2%2Fmedia&parent=30"}],"curies":[{"name":"wp","href":"https:\/\/api.w.org\/{rel}","templated":true}]}}