{"id":34,"date":"2014-03-24T18:15:42","date_gmt":"2014-03-24T18:15:42","guid":{"rendered":"http:\/\/www.fredricspendrup.com\/salongmonsterse\/?page_id=34"},"modified":"2016-02-10T09:04:11","modified_gmt":"2016-02-10T09:04:11","slug":"kontakt","status":"publish","type":"page","link":"https:\/\/salongmonster.se\/?page_id=34","title":{"rendered":"Kontakt"},"content":{"rendered":"<p>[headline type=&#8221;h1&#8243; title=&#8221;Kontakta g\u00e4rna oss p\u00e5 Salong Monster&#8221;]<br \/>\n[two_third]<br \/>\nVickav\u00e4gen 1<br \/>\n439 30 Onsala<\/p>\n<p><a title=\"email\" href=\"mailto:sophia@salongmonster.se\">sophia@salongmonster.se<\/a><br \/>\n<strong>Tel: 0300 &#8211; 266 66<\/strong><\/p>\n<p>Maila och fr\u00e5ga n\u00e5got eller be v\u00e5r fris\u00f6r ringa upp Dig.<br \/>\n<strong>OBS Inga sena avbokningar h\u00e4rifr\u00e5n<\/strong><br \/>\n<em>(mindre \u00e4n ett dygn innan<\/em><br \/>\n<em> ring oss i s\u00e5 fall.)<\/em><\/p>\n<p>Du kan \u00e4ven anv\u00e4nda detta formul\u00e4r f\u00f6r att kontakta oss.<br \/>\n\n<div class=\"wpcf7 no-js\" id=\"wpcf7-f227-o1\" lang=\"sv-SE\" dir=\"ltr\">\n<div class=\"screen-reader-response\"><p role=\"status\" aria-live=\"polite\" aria-atomic=\"true\"><\/p> <ul><\/ul><\/div>\n<form action=\"\/index.php?rest_route=%2Fwp%2Fv2%2Fpages%2F34#wpcf7-f227-o1\" method=\"post\" class=\"wpcf7-form init\" aria-label=\"Kontaktformul\u00e4r\" novalidate=\"novalidate\" data-status=\"init\">\n<div style=\"display: none;\">\n<input type=\"hidden\" name=\"_wpcf7\" value=\"227\" \/>\n<input type=\"hidden\" name=\"_wpcf7_version\" value=\"5.8.6\" \/>\n<input type=\"hidden\" name=\"_wpcf7_locale\" value=\"sv_SE\" \/>\n<input type=\"hidden\" name=\"_wpcf7_unit_tag\" value=\"wpcf7-f227-o1\" \/>\n<input type=\"hidden\" name=\"_wpcf7_container_post\" value=\"0\" \/>\n<input type=\"hidden\" name=\"_wpcf7_posted_data_hash\" value=\"\" \/>\n<\/div>\n<p>Ditt namn (obligatorisk)\n<\/p>\n<p><span class=\"wpcf7-form-control-wrap\" data-name=\"text-729\"><input size=\"40\" class=\"wpcf7-form-control wpcf7-text\" aria-invalid=\"false\" value=\"\" type=\"text\" name=\"text-729\" \/><\/span>\n<\/p>\n<p>Din epost (obligatorisk)\n<\/p>\n<p><span class=\"wpcf7-form-control-wrap\" data-name=\"email-509\"><input size=\"40\" class=\"wpcf7-form-control wpcf7-email wpcf7-validates-as-required wpcf7-text wpcf7-validates-as-email\" aria-required=\"true\" aria-invalid=\"false\" value=\"\" type=\"email\" name=\"email-509\" \/><\/span>\n<\/p>\n<p>\u00c4mne\n<\/p>\n<p><span class=\"wpcf7-form-control-wrap\" data-name=\"text-786\"><input size=\"40\" class=\"wpcf7-form-control wpcf7-text\" aria-invalid=\"false\" value=\"\" type=\"text\" name=\"text-786\" \/><\/span>\n<\/p>\n<p>Ditt meddelande\n<\/p>\n<p><span class=\"wpcf7-form-control-wrap\" data-name=\"textarea-752\"><textarea cols=\"40\" rows=\"10\" class=\"wpcf7-form-control wpcf7-textarea\" aria-invalid=\"false\" name=\"textarea-752\"><\/textarea><\/span>\n<\/p>\n<p><input type=\"hidden\" name=\"_wpcf7_captcha_challenge_captcha-848\" value=\"4056555955\" \/><img loading=\"lazy\" decoding=\"async\" class=\"wpcf7-form-control wpcf7-captchac wpcf7-captcha-captcha-848\" width=\"72\" height=\"24\" alt=\"captcha\" src=\"https:\/\/salongmonster.se\/wp-content\/uploads\/wpcf7_captcha\/4056555955.png\" \/>\n<\/p>\n<p>Fyll i tecknen du ser i bilden ovan\n<\/p>\n<p><span class=\"wpcf7-form-control-wrap\" data-name=\"captcha-848\"><input size=\"40\" class=\"wpcf7-form-control wpcf7-captchar\" autocomplete=\"off\" aria-invalid=\"false\" value=\"\" type=\"text\" name=\"captcha-848\" \/><\/span>\n<\/p>\n<p><input class=\"wpcf7-form-control wpcf7-submit has-spinner\" type=\"submit\" value=\"Skicka\" \/>\n<\/p><p style=\"display: none !important;\" class=\"akismet-fields-container\" data-prefix=\"_wpcf7_ak_\"><label>&#916;<textarea name=\"_wpcf7_ak_hp_textarea\" cols=\"45\" rows=\"8\" maxlength=\"100\"><\/textarea><\/label><input type=\"hidden\" id=\"ak_js_1\" name=\"_wpcf7_ak_js\" value=\"11\"\/><script>document.getElementById( \"ak_js_1\" ).setAttribute( \"value\", ( new Date() ).getTime() );<\/script><\/p><div class=\"wpcf7-response-output\" aria-hidden=\"true\"><\/div>\n<\/form>\n<\/div>\n[map w=&#8221;500&#8243; h=&#8221;400&#8243; style=&#8221;full&#8221; z=&#8221;16&#8243; marker=&#8221;yes&#8221; infowindow=&#8221;Salong Monster&#8221; infowindowdefault=&#8221;yes&#8221; maptype=&#8221;SATELLITE&#8221; hidecontrols=&#8221;true&#8221; address=&#8221;Vickav\u00e4gen 1,\u00a043930 Onsala&#8221;][\/two_third][one_third_last]<\/p>\n<div style=\"background-color: #2f2f2f; padding: 10px; border-radius: 20px 2px 60px 2px; color: #c8ae71; font-size: 1em;\">\n<p>Prenumerera p\u00e5 Monsters nyhetsbrev f\u00f6r att f\u00e5: Monsthair, senaste nyheter &amp; inbjudningar till VIP-kv\u00e4llar!<\/p>\n<form style=\"margin-bottom: 1px;\" action=\"http:\/\/admin.getanewsletter.com\/api\/subscription\/add\/\" method=\"post\"><label for=\"id_email\">E-post:<\/label><input id=\"id_email\" class=\"text\" maxlength=\"150\" name=\"email\" type=\"text\" \/><input id=\"id_newsletter\" name=\"newsletter\" type=\"hidden\" value=\"l4bqA6iM\" \/><input id=\"id_next_url\" name=\"next_url\" type=\"hidden\" \/><input type=\"submit\" value=\"Skicka\" \/><\/form>\n<\/div>\n<p>[whitespace height=&#8221;20&#8243;]<\/p>\n<p>[\/one_third_last]<br \/>\n<a style=\"color: #faf3d9;\" href=\"http:\/\/www.mastodontmedia.com\">MM<\/a><\/p>\n","protected":false},"excerpt":{"rendered":"<p>[headline type=&#8221;h1&#8243; title=&#8221;Kontakta g\u00e4rna oss p\u00e5 Salong Monster&#8221;] [two_third] Vickav\u00e4gen 1 439 30 Onsala sophia@salongmonster.se Tel: 0300 &#8211; 266 66 Maila och fr\u00e5ga n\u00e5got eller be v\u00e5r fris\u00f6r ringa upp Dig. OBS Inga sena avbokningar h\u00e4rifr\u00e5n (mindre \u00e4n ett dygn innan ring oss i s\u00e5 fall.) Du kan \u00e4ven anv\u00e4nda detta formul\u00e4r f\u00f6r att kontakta [&hellip;]<\/p>\n","protected":false},"author":1,"featured_media":0,"parent":0,"menu_order":0,"comment_status":"open","ping_status":"open","template":"template-fullwidth.php","meta":{"footnotes":""},"_links":{"self":[{"href":"https:\/\/salongmonster.se\/index.php?rest_route=\/wp\/v2\/pages\/34"}],"collection":[{"href":"https:\/\/salongmonster.se\/index.php?rest_route=\/wp\/v2\/pages"}],"about":[{"href":"https:\/\/salongmonster.se\/index.php?rest_route=\/wp\/v2\/types\/page"}],"author":[{"embeddable":true,"href":"https:\/\/salongmonster.se\/index.php?rest_route=\/wp\/v2\/users\/1"}],"replies":[{"embeddable":true,"href":"https:\/\/salongmonster.se\/index.php?rest_route=%2Fwp%2Fv2%2Fcomments&post=34"}],"version-history":[{"count":30,"href":"https:\/\/salongmonster.se\/index.php?rest_route=\/wp\/v2\/pages\/34\/revisions"}],"predecessor-version":[{"id":856,"href":"https:\/\/salongmonster.se\/index.php?rest_route=\/wp\/v2\/pages\/34\/revisions\/856"}],"wp:attachment":[{"href":"https:\/\/salongmonster.se\/index.php?rest_route=%2Fwp%2Fv2%2Fmedia&parent=34"}],"curies":[{"name":"wp","href":"https:\/\/api.w.org\/{rel}","templated":true}]}}